{"id":73,"date":"2024-01-28T12:38:02","date_gmt":"2024-01-28T09:38:02","guid":{"rendered":"https:\/\/www.probemuhendislik.com.tr\/contact-us\/"},"modified":"2024-04-24T15:44:08","modified_gmt":"2024-04-24T12:44:08","slug":"career","status":"publish","type":"page","link":"https:\/\/www.probemuhendislik.com.tr\/tr\/career\/","title":{"rendered":"Kariyer"},"content":{"rendered":"<div data-elementor-type=\"wp-post\" data-elementor-id=\"73\" class=\"elementor elementor-73\">\n\t\t\t\t<div class=\"elementor-element elementor-element-fe639f3 e-flex e-con-boxed e-con e-parent\" data-id=\"fe639f3\" data-element_type=\"container\" data-e-type=\"container\" data-settings=\"{&quot;background_background&quot;:&quot;classic&quot;}\">\n\t\t\t\t\t<div class=\"e-con-inner\">\n\t\t<div class=\"elementor-element elementor-element-ee1e6e9 e-con-full e-flex e-con e-child\" data-id=\"ee1e6e9\" data-element_type=\"container\" data-e-type=\"container\" data-settings=\"{&quot;background_background&quot;:&quot;classic&quot;}\">\n\t\t\t\t<div class=\"elementor-element elementor-element-c8c925b elementor-widget elementor-widget-heading\" data-id=\"c8c925b\" data-element_type=\"widget\" data-e-type=\"widget\" data-widget_type=\"heading.default\">\n\t\t\t\t<div class=\"elementor-widget-container\">\n\t\t\t\t\t<h1 class=\"elementor-heading-title elementor-size-default\">Kariyer<\/h1>\t\t\t\t<\/div>\n\t\t\t\t<\/div>\n\t\t\t\t<\/div>\n\t\t\t\t\t<\/div>\n\t\t\t\t<\/div>\n\t\t<div class=\"elementor-element elementor-element-64ddd61 e-flex e-con-boxed e-con e-parent\" data-id=\"64ddd61\" data-element_type=\"container\" data-e-type=\"container\">\n\t\t\t\t\t<div class=\"e-con-inner\">\n\t\t<div class=\"elementor-element elementor-element-7a2fb8e e-con-full e-flex e-con e-child\" data-id=\"7a2fb8e\" data-element_type=\"container\" data-e-type=\"container\">\n\t\t\t\t<div class=\"elementor-element elementor-element-4accdea elementor-widget elementor-widget-heading\" data-id=\"4accdea\" data-element_type=\"widget\" data-e-type=\"widget\" data-widget_type=\"heading.default\">\n\t\t\t\t<div class=\"elementor-widget-container\">\n\t\t\t\t\t<h3 class=\"elementor-heading-title elementor-size-default\">\u0130leti\u015fime Ge\u00e7in<\/h3>\t\t\t\t<\/div>\n\t\t\t\t<\/div>\n\t\t\t\t<div class=\"elementor-element elementor-element-597d10d elementor-widget-divider--view-line elementor-widget elementor-widget-divider\" data-id=\"597d10d\" data-element_type=\"widget\" data-e-type=\"widget\" data-widget_type=\"divider.default\">\n\t\t\t\t<div class=\"elementor-widget-container\">\n\t\t\t\t\t\t\t<div class=\"elementor-divider\">\n\t\t\t<span class=\"elementor-divider-separator\">\n\t\t\t\t\t\t<\/span>\n\t\t<\/div>\n\t\t\t\t\t\t<\/div>\n\t\t\t\t<\/div>\n\t\t\t\t<div class=\"elementor-element elementor-element-9d67d91 elementor-widget elementor-widget-text-editor\" data-id=\"9d67d91\" data-element_type=\"widget\" data-e-type=\"widget\" data-widget_type=\"text-editor.default\">\n\t\t\t\t<div class=\"elementor-widget-container\">\n\t\t\t\t\t\t\t\t\t<p>E\u011fer i\u015f i\u00e7in ba\u015fvuracaksan\u0131z l\u00fctfen buradaki <a href=\"https:\/\/drive.google.com\/file\/d\/1YaN8oRp-4fBul_e8vJS9YNKnyZz8tQ5Q\/view?usp=sharing\"><strong>Ba\u015fvuru Formunu<\/strong><\/a> doldurunuz.<\/p>\t\t\t\t\t\t\t\t<\/div>\n\t\t\t\t<\/div>\n\t\t\t\t<\/div>\n\t\t<div class=\"elementor-element elementor-element-ad65d08 e-con-full e-flex e-con e-child\" data-id=\"ad65d08\" data-element_type=\"container\" data-e-type=\"container\">\n\t\t<div class=\"elementor-element elementor-element-9632ea2 e-con-full e-flex e-con e-child\" data-id=\"9632ea2\" data-element_type=\"container\" data-e-type=\"container\" data-settings=\"{&quot;background_background&quot;:&quot;classic&quot;}\">\n\t\t\t\t<div class=\"elementor-element elementor-element-22f331f elementor-widget elementor-widget-heading\" data-id=\"22f331f\" data-element_type=\"widget\" data-e-type=\"widget\" data-widget_type=\"heading.default\">\n\t\t\t\t<div class=\"elementor-widget-container\">\n\t\t\t\t\t<h3 class=\"elementor-heading-title elementor-size-default\">Bize Ba\u015fvurunuzu Yollay\u0131n<\/h3>\t\t\t\t<\/div>\n\t\t\t\t<\/div>\n\t\t\t\t<div class=\"elementor-element elementor-element-4e1f909 elementor-widget elementor-widget-elementskit-contact-form7\" data-id=\"4e1f909\" data-element_type=\"widget\" data-e-type=\"widget\" data-widget_type=\"elementskit-contact-form7.default\">\n\t\t\t\t<div class=\"elementor-widget-container\">\n\t\t\t\t\t<div class=\"ekit-wid-con\" ><div class=\"ekit-form\">\n<div class=\"wpcf7 no-js\" id=\"wpcf7-f3256-o1\" lang=\"en-US\" dir=\"ltr\" data-wpcf7-id=\"3256\">\n<div class=\"screen-reader-response\"><p role=\"status\" aria-live=\"polite\" aria-atomic=\"true\"><\/p> <ul><\/ul><\/div>\n<form action=\"\/tr\/wp-json\/wp\/v2\/pages\/73#wpcf7-f3256-o1\" method=\"post\" class=\"wpcf7-form init\" aria-label=\"Contact form\" enctype=\"multipart\/form-data\" novalidate=\"novalidate\" data-status=\"init\" data-trp-original-action=\"\/tr\/wp-json\/wp\/v2\/pages\/73#wpcf7-f3256-o1\">\n<fieldset class=\"hidden-fields-container\"><input type=\"hidden\" name=\"_wpcf7\" value=\"3256\" \/><input type=\"hidden\" name=\"_wpcf7_version\" value=\"6.1.5\" \/><input type=\"hidden\" name=\"_wpcf7_locale\" value=\"en_US\" \/><input type=\"hidden\" name=\"_wpcf7_unit_tag\" value=\"wpcf7-f3256-o1\" \/><input type=\"hidden\" name=\"_wpcf7_container_post\" value=\"0\" \/><input type=\"hidden\" name=\"_wpcf7_posted_data_hash\" value=\"\" \/>\n<\/fieldset>\n<p><label> Tam isim<br \/>\n<span class=\"wpcf7-form-control-wrap\" data-name=\"your-name\"><input size=\"40\" maxlength=\"400\" class=\"wpcf7-form-control wpcf7-text wpcf7-validates-as-required\" autocomplete=\"name\" aria-required=\"true\" aria-invalid=\"false\" value=\"\" type=\"text\" name=\"your-name\" \/><\/span> <\/label>\n<\/p>\n<p><label> E-mail adresi<br \/>\n<span class=\"wpcf7-form-control-wrap\" data-name=\"your-email\"><input size=\"40\" maxlength=\"400\" class=\"wpcf7-form-control wpcf7-email wpcf7-validates-as-required wpcf7-text wpcf7-validates-as-email\" autocomplete=\"email\" aria-required=\"true\" aria-invalid=\"false\" value=\"\" type=\"email\" name=\"your-email\" \/><\/span> <\/label>\n<\/p>\n<p><label> Telefon numaras\u0131<br \/>\n<span class=\"wpcf7-form-control-wrap\" data-name=\"tel-31\"><input size=\"40\" maxlength=\"400\" class=\"wpcf7-form-control wpcf7-tel wpcf7-validates-as-required wpcf7-text wpcf7-validates-as-tel\" aria-required=\"true\" aria-invalid=\"false\" value=\"\" type=\"tel\" name=\"tel-31\" \/><\/span> <\/label>\n<\/p>\n<p><label> Meslek<br \/>\n<span class=\"wpcf7-form-control-wrap\" data-name=\"menu-442\"><select class=\"wpcf7-form-control wpcf7-select wpcf7-validates-as-required\" aria-required=\"true\" aria-invalid=\"false\" name=\"menu-442\"><option value=\"Civil Engineer\">\u0130n\u015faat M\u00fchendisi<\/option><option value=\"Architect\">Mimar<\/option><option value=\"Architectural Drafter\">Mimari Teknik Ressam<\/option><option value=\"Concrete Drafter\">Betonarme Teknik Ressam\u0131<\/option><option value=\"Structural Steel Drafter\">\u00c7elik Teknik Ressam\u0131<\/option><\/select><\/span> <\/label>\n<\/p>\n<p><label> Ba\u015fvuru Formunu Y\u00fckleyin<br \/>\n<span class=\"wpcf7-form-control-wrap\" data-name=\"file-550\"><input size=\"40\" class=\"wpcf7-form-control wpcf7-file wpcf7-validates-as-required\" accept=\".pdf,.doc,.docx\" aria-required=\"true\" aria-invalid=\"false\" type=\"file\" name=\"file-550\" \/><\/span> <\/label>\n<\/p>\n<p><input class=\"wpcf7-form-control wpcf7-submit has-spinner\" type=\"submit\" value=\"G\u00f6nder\" \/>\n<\/p><div class=\"wpcf7-response-output\" aria-hidden=\"true\"><\/div>\n<input type=\"hidden\" name=\"trp-form-language\" value=\"tr\"\/><\/form>\n<\/div>\n<\/div><\/div>\t\t\t\t<\/div>\n\t\t\t\t<\/div>\n\t\t\t\t<\/div>\n\t\t<div class=\"elementor-element elementor-element-920cdd9 e-con-full e-flex e-con e-child\" data-id=\"920cdd9\" data-element_type=\"container\" data-e-type=\"container\" data-settings=\"{&quot;background_background&quot;:&quot;classic&quot;}\">\n\t\t\t\t<div class=\"elementor-element elementor-element-e342a61 elementor-widget elementor-widget-heading\" data-id=\"e342a61\" data-element_type=\"widget\" data-e-type=\"widget\" data-widget_type=\"heading.default\">\n\t\t\t\t<div class=\"elementor-widget-container\">\n\t\t\t\t\t<h3 class=\"elementor-heading-title elementor-size-default\">Internship &amp; Job Opportunities<\/h3>\t\t\t\t<\/div>\n\t\t\t\t<\/div>\n\t\t<div class=\"elementor-element elementor-element-d9c3df5 e-con-full e-flex e-con e-child\" data-id=\"d9c3df5\" data-element_type=\"container\" data-e-type=\"container\">\n\t\t<div class=\"elementor-element elementor-element-c754a1f e-con-full e-flex e-con e-child\" data-id=\"c754a1f\" data-element_type=\"container\" data-e-type=\"container\">\n\t\t\t\t<div class=\"elementor-element elementor-element-794bc23 elementor-widget elementor-widget-text-editor\" data-id=\"794bc23\" data-element_type=\"widget\" data-e-type=\"widget\" data-widget_type=\"text-editor.default\">\n\t\t\t\t<div class=\"elementor-widget-container\">\n\t\t\t\t\t\t\t\t\t<p>Staj ve i\u015f f\u0131rsatlar\u0131m\u0131zla potansiyelinizi ke\u015ffedin. Staj olanaklar\u0131m\u0131z uygulamal\u0131 bir deneyim sunarak, merakl\u0131 zihinlere ve zorluklara meydan okuma tutkusuna sahip \u00f6\u011frencileri ger\u00e7ek projelere katk\u0131da bulunmaya davet ediyor. Ofisimizde yetenekli profesyonellerle i\u015f birli\u011fi yaparken profesyonel d\u00fcnya hakk\u0131nda de\u011ferli bilgiler edineceksiniz.<\/p><p>Yeni mezunlar i\u00e7in kariyer s\u00fcrecinde destekleyici bir ortam sunuyoruz. Yenilik ve i\u015f birli\u011fi dolu bir yolculu\u011fa \u00e7\u0131karken \u00e7e\u015fitli profesyonel disiplinlerde becerilerinizi ve \u00f6zg\u00fcveninizi geli\u015ftirin. S\u00fcrd\u00fcr\u00fclebilirli\u011fe dayanan multidisipliner yakla\u015f\u0131m\u0131m\u0131z, tasar\u0131m ve m\u00fchendisli\u011fin geli\u015fti\u011fi bir alan yaratmaktad\u0131r. Anlaml\u0131 i\u015fler ve s\u00fcrekli b\u00fcy\u00fcme vas\u0131tas\u0131yla gelece\u011fi \u015fekillendirmede bize kat\u0131l\u0131n.<\/p>\t\t\t\t\t\t\t\t<\/div>\n\t\t\t\t<\/div>\n\t\t\t\t<\/div>\n\t\t\t\t<\/div>\n\t\t\t\t<\/div>\n\t\t\t\t<\/div>\n\t\t\t\t\t<\/div>\n\t\t\t\t<\/div>\n\t\t\t\t<\/div>","protected":false},"excerpt":{"rendered":"<p>Career Get in Touch Please fill in this Application Form if you&#8217;re applying for a job. Send Us Your Application [&hellip;]<\/p>\n","protected":false},"author":1,"featured_media":0,"parent":0,"menu_order":0,"comment_status":"closed","ping_status":"closed","template":"","meta":{"site-sidebar-layout":"no-sidebar","site-content-layout":"page-builder","ast-site-content-layout":"full-width-container","site-content-style":"unboxed","site-sidebar-style":"unboxed","ast-global-header-display":"","ast-banner-title-visibility":"","ast-main-header-display":"","ast-hfb-above-header-display":"","ast-hfb-below-header-display":"","ast-hfb-mobile-header-display":"","site-post-title":"disabled","ast-breadcrumbs-content":"","ast-featured-img":"disabled","footer-sml-layout":"","theme-transparent-header-meta":"enabled","adv-header-id-meta":"","stick-header-meta":"","header-above-stick-meta":"","header-main-stick-meta":"","header-below-stick-meta":"","astra-migrate-meta-layouts":"set","ast-page-background-enabled":"default","ast-page-background-meta":{"desktop":{"background-color":"","background-image":"","background-repeat":"repeat","background-position":"center center","background-size":"auto","background-attachment":"scroll","background-type":"","background-media":"","overlay-type":"","overlay-color":"","overlay-opacity":"","overlay-gradient":""},"tablet":{"background-color":"","background-image":"","background-repeat":"repeat","background-position":"center center","background-size":"auto","background-attachment":"scroll","background-type":"","background-media":"","overlay-type":"","overlay-color":"","overlay-opacity":"","overlay-gradient":""},"mobile":{"background-color":"","background-image":"","background-repeat":"repeat","background-position":"center center","background-size":"auto","background-attachment":"scroll","background-type":"","background-media":"","overlay-type":"","overlay-color":"","overlay-opacity":"","overlay-gradient":""}},"ast-content-background-meta":{"desktop":{"background-color":"var(--ast-global-color-5)","background-image":"","background-repeat":"repeat","background-position":"center center","background-size":"auto","background-attachment":"scroll","background-type":"","background-media":"","overlay-type":"","overlay-color":"","overlay-opacity":"","overlay-gradient":""},"tablet":{"background-color":"var(--ast-global-color-5)","background-image":"","background-repeat":"repeat","background-position":"center center","background-size":"auto","background-attachment":"scroll","background-type":"","background-media":"","overlay-type":"","overlay-color":"","overlay-opacity":"","overlay-gradient":""},"mobile":{"background-color":"var(--ast-global-color-5)","background-image":"","background-repeat":"repeat","background-position":"center center","background-size":"auto","background-attachment":"scroll","background-type":"","background-media":"","overlay-type":"","overlay-color":"","overlay-opacity":"","overlay-gradient":""}},"footnotes":""},"class_list":["post-73","page","type-page","status-publish","hentry"],"yoast_head":"<!-- This site is optimized with the Yoast SEO plugin v27.4 - https:\/\/yoast.com\/product\/yoast-seo-wordpress\/ -->\n<title>Career - PROBE<\/title>\n<meta name=\"robots\" content=\"index, follow, max-snippet:-1, max-image-preview:large, max-video-preview:-1\" \/>\n<link rel=\"canonical\" href=\"https:\/\/www.probemuhendislik.com.tr\/tr\/career\/\" \/>\n<meta property=\"og:locale\" content=\"tr_TR\" \/>\n<meta property=\"og:type\" content=\"article\" \/>\n<meta property=\"og:title\" content=\"Career - PROBE\" \/>\n<meta property=\"og:description\" content=\"Career Get in Touch Please fill in this Application Form if you&#8217;re applying for a job. Send Us Your Application [&hellip;]\" \/>\n<meta property=\"og:url\" content=\"https:\/\/www.probemuhendislik.com.tr\/tr\/career\/\" \/>\n<meta property=\"og:site_name\" content=\"PROBE\" \/>\n<meta property=\"article:modified_time\" content=\"2024-04-24T12:44:08+00:00\" \/>\n<meta name=\"twitter:card\" content=\"summary_large_image\" \/>\n<meta name=\"twitter:label1\" content=\"Tahmini okuma s\u00fcresi\" \/>\n\t<meta name=\"twitter:data1\" content=\"1 dakika\" \/>\n<script type=\"application\/ld+json\" class=\"yoast-schema-graph\">{\"@context\":\"https:\\\/\\\/schema.org\",\"@graph\":[{\"@type\":\"WebPage\",\"@id\":\"https:\\\/\\\/www.probemuhendislik.com.tr\\\/career\\\/\",\"url\":\"https:\\\/\\\/www.probemuhendislik.com.tr\\\/career\\\/\",\"name\":\"Career - PROBE\",\"isPartOf\":{\"@id\":\"https:\\\/\\\/www.probemuhendislik.com.tr\\\/#website\"},\"datePublished\":\"2024-01-28T09:38:02+00:00\",\"dateModified\":\"2024-04-24T12:44:08+00:00\",\"breadcrumb\":{\"@id\":\"https:\\\/\\\/www.probemuhendislik.com.tr\\\/career\\\/#breadcrumb\"},\"inLanguage\":\"tr\",\"potentialAction\":[{\"@type\":\"ReadAction\",\"target\":[\"https:\\\/\\\/www.probemuhendislik.com.tr\\\/career\\\/\"]}]},{\"@type\":\"BreadcrumbList\",\"@id\":\"https:\\\/\\\/www.probemuhendislik.com.tr\\\/career\\\/#breadcrumb\",\"itemListElement\":[{\"@type\":\"ListItem\",\"position\":1,\"name\":\"Home\",\"item\":\"https:\\\/\\\/www.probemuhendislik.com.tr\\\/\"},{\"@type\":\"ListItem\",\"position\":2,\"name\":\"Career\"}]},{\"@type\":\"WebSite\",\"@id\":\"https:\\\/\\\/www.probemuhendislik.com.tr\\\/#website\",\"url\":\"https:\\\/\\\/www.probemuhendislik.com.tr\\\/\",\"name\":\"PROBE\",\"description\":\"Engineering Architecture Consultancy Software Metal Construction\",\"publisher\":{\"@id\":\"https:\\\/\\\/www.probemuhendislik.com.tr\\\/#organization\"},\"potentialAction\":[{\"@type\":\"SearchAction\",\"target\":{\"@type\":\"EntryPoint\",\"urlTemplate\":\"https:\\\/\\\/www.probemuhendislik.com.tr\\\/?s={search_term_string}\"},\"query-input\":{\"@type\":\"PropertyValueSpecification\",\"valueRequired\":true,\"valueName\":\"search_term_string\"}}],\"inLanguage\":\"tr\"},{\"@type\":\"Organization\",\"@id\":\"https:\\\/\\\/www.probemuhendislik.com.tr\\\/#organization\",\"name\":\"PROBE\",\"url\":\"https:\\\/\\\/www.probemuhendislik.com.tr\\\/\",\"logo\":{\"@type\":\"ImageObject\",\"inLanguage\":\"tr\",\"@id\":\"https:\\\/\\\/www.probemuhendislik.com.tr\\\/#\\\/schema\\\/logo\\\/image\\\/\",\"url\":\"https:\\\/\\\/www.probemuhendislik.com.tr\\\/wp-content\\\/uploads\\\/2024\\\/01\\\/ProbeBlack.webp\",\"contentUrl\":\"https:\\\/\\\/www.probemuhendislik.com.tr\\\/wp-content\\\/uploads\\\/2024\\\/01\\\/ProbeBlack.webp\",\"width\":832,\"height\":832,\"caption\":\"PROBE\"},\"image\":{\"@id\":\"https:\\\/\\\/www.probemuhendislik.com.tr\\\/#\\\/schema\\\/logo\\\/image\\\/\"},\"sameAs\":[\"https:\\\/\\\/linkedin.com\\\/company\\\/probeengineeringarchitectureandconsultancy\"]}]}<\/script>\n<!-- \/ Yoast SEO plugin. -->","yoast_head_json":{"title":"Career - PROBE","robots":{"index":"index","follow":"follow","max-snippet":"max-snippet:-1","max-image-preview":"max-image-preview:large","max-video-preview":"max-video-preview:-1"},"canonical":"https:\/\/www.probemuhendislik.com.tr\/tr\/career\/","og_locale":"tr_TR","og_type":"article","og_title":"Career - PROBE","og_description":"Career Get in Touch Please fill in this Application Form if you&#8217;re applying for a job. Send Us Your Application [&hellip;]","og_url":"https:\/\/www.probemuhendislik.com.tr\/tr\/career\/","og_site_name":"PROBE","article_modified_time":"2024-04-24T12:44:08+00:00","twitter_card":"summary_large_image","twitter_misc":{"Tahmini okuma s\u00fcresi":"1 dakika"},"schema":{"@context":"https:\/\/schema.org","@graph":[{"@type":"WebPage","@id":"https:\/\/www.probemuhendislik.com.tr\/career\/","url":"https:\/\/www.probemuhendislik.com.tr\/career\/","name":"Career - PROBE","isPartOf":{"@id":"https:\/\/www.probemuhendislik.com.tr\/#website"},"datePublished":"2024-01-28T09:38:02+00:00","dateModified":"2024-04-24T12:44:08+00:00","breadcrumb":{"@id":"https:\/\/www.probemuhendislik.com.tr\/career\/#breadcrumb"},"inLanguage":"tr","potentialAction":[{"@type":"ReadAction","target":["https:\/\/www.probemuhendislik.com.tr\/career\/"]}]},{"@type":"BreadcrumbList","@id":"https:\/\/www.probemuhendislik.com.tr\/career\/#breadcrumb","itemListElement":[{"@type":"ListItem","position":1,"name":"Home","item":"https:\/\/www.probemuhendislik.com.tr\/"},{"@type":"ListItem","position":2,"name":"Career"}]},{"@type":"WebSite","@id":"https:\/\/www.probemuhendislik.com.tr\/#website","url":"https:\/\/www.probemuhendislik.com.tr\/","name":"PROBE","description":"Engineering Architecture Consultancy Software Metal Construction","publisher":{"@id":"https:\/\/www.probemuhendislik.com.tr\/#organization"},"potentialAction":[{"@type":"SearchAction","target":{"@type":"EntryPoint","urlTemplate":"https:\/\/www.probemuhendislik.com.tr\/?s={search_term_string}"},"query-input":{"@type":"PropertyValueSpecification","valueRequired":true,"valueName":"search_term_string"}}],"inLanguage":"tr"},{"@type":"Organization","@id":"https:\/\/www.probemuhendislik.com.tr\/#organization","name":"PROBE","url":"https:\/\/www.probemuhendislik.com.tr\/","logo":{"@type":"ImageObject","inLanguage":"tr","@id":"https:\/\/www.probemuhendislik.com.tr\/#\/schema\/logo\/image\/","url":"https:\/\/www.probemuhendislik.com.tr\/wp-content\/uploads\/2024\/01\/ProbeBlack.webp","contentUrl":"https:\/\/www.probemuhendislik.com.tr\/wp-content\/uploads\/2024\/01\/ProbeBlack.webp","width":832,"height":832,"caption":"PROBE"},"image":{"@id":"https:\/\/www.probemuhendislik.com.tr\/#\/schema\/logo\/image\/"},"sameAs":["https:\/\/linkedin.com\/company\/probeengineeringarchitectureandconsultancy"]}]}},"_links":{"self":[{"href":"https:\/\/www.probemuhendislik.com.tr\/tr\/wp-json\/wp\/v2\/pages\/73","targetHints":{"allow":["GET"]}}],"collection":[{"href":"https:\/\/www.probemuhendislik.com.tr\/tr\/wp-json\/wp\/v2\/pages"}],"about":[{"href":"https:\/\/www.probemuhendislik.com.tr\/tr\/wp-json\/wp\/v2\/types\/page"}],"author":[{"embeddable":true,"href":"https:\/\/www.probemuhendislik.com.tr\/tr\/wp-json\/wp\/v2\/users\/1"}],"replies":[{"embeddable":true,"href":"https:\/\/www.probemuhendislik.com.tr\/tr\/wp-json\/wp\/v2\/comments?post=73"}],"version-history":[{"count":33,"href":"https:\/\/www.probemuhendislik.com.tr\/tr\/wp-json\/wp\/v2\/pages\/73\/revisions"}],"predecessor-version":[{"id":4553,"href":"https:\/\/www.probemuhendislik.com.tr\/tr\/wp-json\/wp\/v2\/pages\/73\/revisions\/4553"}],"wp:attachment":[{"href":"https:\/\/www.probemuhendislik.com.tr\/tr\/wp-json\/wp\/v2\/media?parent=73"}],"curies":[{"name":"wp","href":"https:\/\/api.w.org\/{rel}","templated":true}]}}